{"id":88,"date":"2026-04-17T21:48:30","date_gmt":"2026-04-17T18:48:30","guid":{"rendered":"https:\/\/www.relightart.com\/?page_id=88"},"modified":"2026-04-17T21:56:32","modified_gmt":"2026-04-17T18:56:32","slug":"sahne-ve-gosteri-isleri","status":"publish","type":"page","link":"https:\/\/www.relightart.com\/index.php\/sahne-ve-gosteri-isleri\/","title":{"rendered":"Sahne ve G\u00f6steri \u0130\u015fleri ?"},"content":{"rendered":"<div class=\"wp-block-image\">\n<figure class=\"aligncenter size-full\"><img loading=\"lazy\" decoding=\"async\" width=\"594\" height=\"358\" src=\"https:\/\/www.relightart.com\/wp-content\/uploads\/2026\/04\/02-1.jpg\" alt=\"\" class=\"wp-image-100\" srcset=\"https:\/\/www.relightart.com\/wp-content\/uploads\/2026\/04\/02-1.jpg 594w, https:\/\/www.relightart.com\/wp-content\/uploads\/2026\/04\/02-1-300x181.jpg 300w\" sizes=\"auto, (max-width: 594px) 100vw, 594px\" \/><\/figure>\n<\/div>","protected":false},"excerpt":{"rendered":"","protected":false},"author":1,"featured_media":0,"parent":0,"menu_order":0,"comment_status":"closed","ping_status":"closed","template":"","meta":{"footnotes":""},"class_list":["post-88","page","type-page","status-publish","hentry","entry"],"jetpack_sharing_enabled":true,"_links":{"self":[{"href":"https:\/\/www.relightart.com\/index.php\/wp-json\/wp\/v2\/pages\/88","targetHints":{"allow":["GET"]}}],"collection":[{"href":"https:\/\/www.relightart.com\/index.php\/wp-json\/wp\/v2\/pages"}],"about":[{"href":"https:\/\/www.relightart.com\/index.php\/wp-json\/wp\/v2\/types\/page"}],"author":[{"embeddable":true,"href":"https:\/\/www.relightart.com\/index.php\/wp-json\/wp\/v2\/users\/1"}],"replies":[{"embeddable":true,"href":"https:\/\/www.relightart.com\/index.php\/wp-json\/wp\/v2\/comments?post=88"}],"version-history":[{"count":2,"href":"https:\/\/www.relightart.com\/index.php\/wp-json\/wp\/v2\/pages\/88\/revisions"}],"predecessor-version":[{"id":101,"href":"https:\/\/www.relightart.com\/index.php\/wp-json\/wp\/v2\/pages\/88\/revisions\/101"}],"wp:attachment":[{"href":"https:\/\/www.relightart.com\/index.php\/wp-json\/wp\/v2\/media?parent=88"}],"curies":[{"name":"wp","href":"https:\/\/api.w.org\/{rel}","templated":true}]}}