{"id":72,"date":"2026-04-17T21:30:52","date_gmt":"2026-04-17T18:30:52","guid":{"rendered":"https:\/\/www.relightart.com\/?page_id=72"},"modified":"2026-04-17T22:02:52","modified_gmt":"2026-04-17T19:02:52","slug":"nerede-yapiyoruz","status":"publish","type":"page","link":"https:\/\/www.relightart.com\/index.php\/nerede-yapiyoruz\/","title":{"rendered":"Nerede yap\u0131yoruz?"},"content":{"rendered":"\n<p>CNR Elektromekanik Ayd. Rek. Tic. LTD \u015eT\u0130<\/p>\n\n\n\n<p>KAR\u015eIYAKA MAH. 827 SK. SITE GIRI\u015eI NO: 18-A\/16 G\u00d6LBA\u015eI\/ ANKARA<\/p>\n\n\n\n<p>GSM :&nbsp;<a href=\"tel:+90%20533%20224%2020%2071\">+90 (533) 224 20 71<\/a><\/p>\n\n\n\n<p>Tel&nbsp;&nbsp;&nbsp;&nbsp; : +90 (312) 442 0 267<\/p>\n\n\n\n<p>Fax&nbsp;&nbsp;&nbsp; :&nbsp;<a href=\"tel:+90%20312%20501%2098%2097\">+90 (312) 501 98 97<\/a><\/p>\n\n\n\n<div class=\"wp-block-jetpack-tiled-gallery aligncenter is-style-rectangular\"><div class=\"\"><div class=\"tiled-gallery__gallery\"><div class=\"tiled-gallery__row\"><div class=\"tiled-gallery__col\" style=\"flex-basis:25.00000%\"><figure class=\"tiled-gallery__item\"><img decoding=\"async\" srcset=\"https:\/\/i0.wp.com\/www.relightart.com\/wp-content\/uploads\/2026\/04\/01-4.jpg?strip=info&#038;w=594&#038;ssl=1 594w\" alt=\"\" data-height=\"358\" data-id=\"112\" data-link=\"https:\/\/www.relightart.com\/index.php\/nerede-yapiyoruz\/01-7\/\" data-url=\"https:\/\/www.relightart.com\/wp-content\/uploads\/2026\/04\/01-4.jpg\" data-width=\"594\" src=\"https:\/\/i0.wp.com\/www.relightart.com\/wp-content\/uploads\/2026\/04\/01-4.jpg?ssl=1\" data-amp-layout=\"responsive\"\/><\/figure><\/div><div class=\"tiled-gallery__col\" style=\"flex-basis:25.00000%\"><figure class=\"tiled-gallery__item\"><img decoding=\"async\" srcset=\"https:\/\/i0.wp.com\/www.relightart.com\/wp-content\/uploads\/2026\/04\/02-4.jpg?strip=info&#038;w=594&#038;ssl=1 594w\" alt=\"\" data-height=\"358\" data-id=\"114\" data-link=\"https:\/\/www.relightart.com\/index.php\/nerede-yapiyoruz\/02-5\/\" data-url=\"https:\/\/www.relightart.com\/wp-content\/uploads\/2026\/04\/02-4.jpg\" data-width=\"594\" src=\"https:\/\/i0.wp.com\/www.relightart.com\/wp-content\/uploads\/2026\/04\/02-4.jpg?ssl=1\" data-amp-layout=\"responsive\"\/><\/figure><\/div><div class=\"tiled-gallery__col\" style=\"flex-basis:25.00000%\"><figure class=\"tiled-gallery__item\"><img decoding=\"async\" srcset=\"https:\/\/i0.wp.com\/www.relightart.com\/wp-content\/uploads\/2026\/04\/03-4.jpg?strip=info&#038;w=594&#038;ssl=1 594w\" alt=\"\" data-height=\"358\" data-id=\"115\" data-link=\"https:\/\/www.relightart.com\/index.php\/nerede-yapiyoruz\/03-5\/\" data-url=\"https:\/\/www.relightart.com\/wp-content\/uploads\/2026\/04\/03-4.jpg\" data-width=\"594\" src=\"https:\/\/i0.wp.com\/www.relightart.com\/wp-content\/uploads\/2026\/04\/03-4.jpg?ssl=1\" data-amp-layout=\"responsive\"\/><\/figure><\/div><div class=\"tiled-gallery__col\" style=\"flex-basis:25.00000%\"><figure class=\"tiled-gallery__item\"><img decoding=\"async\" srcset=\"https:\/\/i0.wp.com\/www.relightart.com\/wp-content\/uploads\/2026\/04\/04-4.jpg?strip=info&#038;w=594&#038;ssl=1 594w\" alt=\"\" data-height=\"358\" data-id=\"113\" data-link=\"https:\/\/www.relightart.com\/index.php\/nerede-yapiyoruz\/04-5\/\" data-url=\"https:\/\/www.relightart.com\/wp-content\/uploads\/2026\/04\/04-4.jpg\" data-width=\"594\" src=\"https:\/\/i0.wp.com\/www.relightart.com\/wp-content\/uploads\/2026\/04\/04-4.jpg?ssl=1\" data-amp-layout=\"responsive\"\/><\/figure><\/div><\/div><\/div><\/div><\/div>\n","protected":false},"excerpt":{"rendered":"<p>CNR Elektromekanik Ayd. Rek. Tic. LTD \u015eT\u0130 KAR\u015eIYAKA MAH. 827 SK. SITE GIRI\u015eI NO: 18-A\/16 G\u00d6LBA\u015eI\/ ANKARA GSM :&nbsp;+90 (533) 224 20 71 Tel&nbsp;&nbsp;&nbsp;&nbsp; : +90 (312) 442 0 267 Fax&nbsp;&nbsp;&nbsp; :&nbsp;+90 (312) 501 98 97<\/p>\n","protected":false},"author":1,"featured_media":0,"parent":0,"menu_order":0,"comment_status":"closed","ping_status":"closed","template":"","meta":{"footnotes":""},"class_list":["post-72","page","type-page","status-publish","hentry","entry"],"jetpack_sharing_enabled":true,"_links":{"self":[{"href":"https:\/\/www.relightart.com\/index.php\/wp-json\/wp\/v2\/pages\/72","targetHints":{"allow":["GET"]}}],"collection":[{"href":"https:\/\/www.relightart.com\/index.php\/wp-json\/wp\/v2\/pages"}],"about":[{"href":"https:\/\/www.relightart.com\/index.php\/wp-json\/wp\/v2\/types\/page"}],"author":[{"embeddable":true,"href":"https:\/\/www.relightart.com\/index.php\/wp-json\/wp\/v2\/users\/1"}],"replies":[{"embeddable":true,"href":"https:\/\/www.relightart.com\/index.php\/wp-json\/wp\/v2\/comments?post=72"}],"version-history":[{"count":2,"href":"https:\/\/www.relightart.com\/index.php\/wp-json\/wp\/v2\/pages\/72\/revisions"}],"predecessor-version":[{"id":116,"href":"https:\/\/www.relightart.com\/index.php\/wp-json\/wp\/v2\/pages\/72\/revisions\/116"}],"wp:attachment":[{"href":"https:\/\/www.relightart.com\/index.php\/wp-json\/wp\/v2\/media?parent=72"}],"curies":[{"name":"wp","href":"https:\/\/api.w.org\/{rel}","templated":true}]}}